{"id":4,"date":"2015-02-09T16:17:59","date_gmt":"2015-02-09T16:17:59","guid":{"rendered":"http:\/\/kuenstlerhof-schreyahn.de.w012e605.kasserver.com\/?page_id=4"},"modified":"2025-05-27T15:17:20","modified_gmt":"2025-05-27T15:17:20","slug":"basisdaten","status":"publish","type":"page","link":"http:\/\/kuenstlerhof-schreyahn.de\/?page_id=4","title":{"rendered":"Basisdaten"},"content":{"rendered":"<p><strong>Offizielle Bezeichnung:<a href=\"http:\/\/kuenstlerhof-schreyahn.de\/wp-content\/uploads\/2015\/02\/Wendland.jpg\"><img loading=\"lazy\" decoding=\"async\" class=\"alignright wp-image-266 size-medium\" src=\"http:\/\/kuenstlerhof-schreyahn.de\/wp-content\/uploads\/2015\/02\/Wendland-300x220.jpg\" alt=\"Wendland\" width=\"300\" height=\"220\" \/><\/a><\/strong><br \/>\nNieders\u00e4chsische Stipendiatenst\u00e4tte K\u00fcnstlerhof Schreyahn<\/p>\n<p><strong>Tr\u00e4ger:<\/strong><br \/>\nSamtgemeinde L\u00fcchow (Wendland)<br \/>\nRathaus, Amtsweg 4, 29439 L\u00fcchow (Wendland)<\/p>\n<p><strong><a href=\"http:\/\/kuenstlerhof-schreyahn.de\/wp-content\/uploads\/2015\/02\/DSC_2828.jpg\"><img loading=\"lazy\" decoding=\"async\" class=\"alignleft wp-image-181 size-medium\" src=\"http:\/\/kuenstlerhof-schreyahn.de\/wp-content\/uploads\/2015\/02\/DSC_2828-199x300.jpg\" alt=\"Schreyahn Eingangst\u00fcr\" width=\"199\" height=\"300\" \/><\/a>Anschriften:<\/strong><br \/>\n<strong>1. K\u00fcnstlerhof Schreyahn<\/strong><br \/>\nSchreyahn 19, 29462 Wustrow (Wendland)<br \/>\nTelefonnummern der Stipendiaten wechselnd<br \/>\n(Auskunft \u00fcber 2. oder 3.)<\/p>\n<p><strong>2. Verwaltung:\u00a0<\/strong><br \/>\nSamtgemeinde L\u00fcchow (Wendland)<br \/>\nFrau Julia Fleger<br \/>\nAmtsweg 4, 29439 L\u00fcchow (Wendland)<br \/>\nTel.: 0 58 41 &#8211; 126 413<br \/>\nFax: 0 58 41 &#8211; 126 279<br \/>\nE-Mail: <a href=\"mailto:julia.fleger@luechow-wendland.de\">julia.fleger@luechow-wendland.de<\/a><br \/>\nInternet: <a href=\"http:\/\/www.luechow-wendland.de\/\" target=\"_blank\" rel=\"noopener noreferrer\">www.luechow-wendland.de<\/a><\/p>\n<p><strong>3. <\/strong><strong>K\u00fcnstlerische Leitung:<br \/>\n<\/strong>Frau Britta Gansebohm<br \/>\n<a href=\"http:\/\/www.salonkultur.de\">www.salonkultur.de<\/a><br \/>\nTel. 0175-5270777<\/p>\n<p>E-Mail: <a href=\"mailto:britta.gansebohm@salonkultur.de\">britta.gansebohm@salonkultur.de<\/a><\/p>\n<p><strong>4. Stipendien:<\/strong><\/p>\n<ul>\n<li>4 Wohnstipendien<\/li>\n<li>in der Regel gekoppelt mit einem finanziellen F\u00f6rderstipendium des Landes Niedersachsen<\/li>\n<li>2 Ateliers f\u00fcr Komponisten\/innen, 2 Ateliers f\u00fcr Schriftsteller\/innen<\/li>\n<li>Dauer: wahlweise 3, 6 oder 9 Monate.<\/li>\n<\/ul>\n<p><strong>5. Organe:<\/strong><\/p>\n<p><strong>&#8211; Kuratorium (Beschlussorgan)<\/strong><\/p>\n<p>Samtgemeinde-B\u00fcrgermeister (Vorsitzender), dazu MWK-Vertreter, Landrat, kommunale Abgeordnete<\/p>\n<p><strong>&#8211; Jury (6 Mitglieder: 3 Musik, 3 Literatur, verbindliche Auswahlempfehlung f\u00fcr Kuratorium)<br \/>\n<\/strong>Literatur: Sabrina Janesch, Thomas Klupp, Britta Gansebohm<br \/>\nMusik: Daniel Moreira, Carin Levine, Yeoweon Kim<\/p>\n<p><strong>gef\u00f6rdert durch:<\/strong><\/p>\n<p><a href=\"http:\/\/kuenstlerhof-schreyahn.de\/wp-content\/uploads\/2015\/02\/MWK-Wappen-RGB.jpg\"><img loading=\"lazy\" decoding=\"async\" class=\"alignleft size-medium wp-image-234\" src=\"http:\/\/kuenstlerhof-schreyahn.de\/wp-content\/uploads\/2015\/02\/MWK-Wappen-RGB-300x54.jpg\" alt=\"MWK-Wappen-RGB\" width=\"300\" height=\"54\" srcset=\"http:\/\/kuenstlerhof-schreyahn.de\/wp-content\/uploads\/2015\/02\/MWK-Wappen-RGB-300x54.jpg 300w, http:\/\/kuenstlerhof-schreyahn.de\/wp-content\/uploads\/2015\/02\/MWK-Wappen-RGB.jpg 408w\" sizes=\"auto, (max-width: 300px) 100vw, 300px\" \/><\/a><\/p>\n<p><a href=\"http:\/\/kuenstlerhof-schreyahn.de\/wp-content\/uploads\/2015\/02\/EuropafoerdertNds_farbig.jpg\"><img loading=\"lazy\" decoding=\"async\" class=\"alignleft size-full wp-image-269\" src=\"http:\/\/kuenstlerhof-schreyahn.de\/wp-content\/uploads\/2015\/02\/EuropafoerdertNds_farbig.jpg\" alt=\"EuropafoerdertNds_farbig\" width=\"283\" height=\"196\" \/><\/a><\/p>\n<p><a href=\"http:\/\/kuenstlerhof-schreyahn.de\/wp-content\/uploads\/2015\/02\/Hinweisschild_EFRE.jpg\"><img loading=\"lazy\" decoding=\"async\" class=\"alignleft size-medium wp-image-270\" src=\"http:\/\/kuenstlerhof-schreyahn.de\/wp-content\/uploads\/2015\/02\/Hinweisschild_EFRE-300x214.jpg\" alt=\"Hinweisschild_EFRE\" width=\"300\" height=\"214\" srcset=\"http:\/\/kuenstlerhof-schreyahn.de\/wp-content\/uploads\/2015\/02\/Hinweisschild_EFRE-300x214.jpg 300w, http:\/\/kuenstlerhof-schreyahn.de\/wp-content\/uploads\/2015\/02\/Hinweisschild_EFRE.jpg 883w\" sizes=\"auto, (max-width: 300px) 100vw, 300px\" \/><\/a><\/p>\n","protected":false},"excerpt":{"rendered":"<p>Offizielle Bezeichnung: Nieders\u00e4chsische Stipendiatenst\u00e4tte K\u00fcnstlerhof Schreyahn Tr\u00e4ger: Samtgemeinde L\u00fcchow (Wendland) Rathaus, Amtsweg 4, 29439 L\u00fcchow (Wendland) Anschriften: 1. K\u00fcnstlerhof Schreyahn Schreyahn 19, 29462 Wustrow (Wendland) Telefonnummern der Stipendiaten wechselnd (Auskunft \u00fcber 2. oder 3.) 2. Verwaltung:\u00a0 Samtgemeinde L\u00fcchow (Wendland) Frau Julia Fleger Amtsweg 4, 29439 L\u00fcchow (Wendland) Tel.: 0 58 41 &#8211; 126 413 Fax: [&hellip;]<\/p>\n","protected":false},"author":2,"featured_media":0,"parent":6,"menu_order":0,"comment_status":"closed","ping_status":"closed","template":"","meta":{"footnotes":""},"tags":[],"class_list":["post-4","page","type-page","status-publish","hentry"],"_links":{"self":[{"href":"http:\/\/kuenstlerhof-schreyahn.de\/index.php?rest_route=\/wp\/v2\/pages\/4","targetHints":{"allow":["GET"]}}],"collection":[{"href":"http:\/\/kuenstlerhof-schreyahn.de\/index.php?rest_route=\/wp\/v2\/pages"}],"about":[{"href":"http:\/\/kuenstlerhof-schreyahn.de\/index.php?rest_route=\/wp\/v2\/types\/page"}],"author":[{"embeddable":true,"href":"http:\/\/kuenstlerhof-schreyahn.de\/index.php?rest_route=\/wp\/v2\/users\/2"}],"replies":[{"embeddable":true,"href":"http:\/\/kuenstlerhof-schreyahn.de\/index.php?rest_route=%2Fwp%2Fv2%2Fcomments&post=4"}],"version-history":[{"count":26,"href":"http:\/\/kuenstlerhof-schreyahn.de\/index.php?rest_route=\/wp\/v2\/pages\/4\/revisions"}],"predecessor-version":[{"id":1558,"href":"http:\/\/kuenstlerhof-schreyahn.de\/index.php?rest_route=\/wp\/v2\/pages\/4\/revisions\/1558"}],"up":[{"embeddable":true,"href":"http:\/\/kuenstlerhof-schreyahn.de\/index.php?rest_route=\/wp\/v2\/pages\/6"}],"wp:attachment":[{"href":"http:\/\/kuenstlerhof-schreyahn.de\/index.php?rest_route=%2Fwp%2Fv2%2Fmedia&parent=4"}],"wp:term":[{"taxonomy":"post_tag","embeddable":true,"href":"http:\/\/kuenstlerhof-schreyahn.de\/index.php?rest_route=%2Fwp%2Fv2%2Ftags&post=4"}],"curies":[{"name":"wp","href":"https:\/\/api.w.org\/{rel}","templated":true}]}}