{"id":66,"date":"2015-02-09T19:27:26","date_gmt":"2015-02-09T19:27:26","guid":{"rendered":"http:\/\/kuenstlerhof-schreyahn.de.w012e605.kasserver.com\/?page_id=66"},"modified":"2025-05-27T06:48:19","modified_gmt":"2025-05-27T06:48:19","slug":"informationen-fuer-bewerber","status":"publish","type":"page","link":"http:\/\/kuenstlerhof-schreyahn.de\/?page_id=66","title":{"rendered":"Informationen f\u00fcr Bewerber"},"content":{"rendered":"<p><a href=\"http:\/\/kuenstlerhof-schreyahn.de\/wp-content\/uploads\/2024\/06\/Bewerbungsunterlagen-herunterladen-1.pdf\">Bewerbungsunterlagen herunterladen<\/a><\/p>\n<p><strong>Sehr geehrte Bewerberin,<\/strong><br \/>\n<strong> sehr geehrter Bewerber,<\/strong><\/p>\n<p style=\"font-weight: 400;\">auf dem K\u00fcnstlerhof Schreyahn sind f\u00fcr die Jahre 2028 und 2029 wieder Stipendien in den Bereichen Komposition und Literatur zu vergeben.<br \/>\n<b>Aktuell nehmen wir hierf\u00fcr noch keine Bewerbungen an. Sobald Bewerbungen eingereicht werden k\u00f6nnen, wird es hier auf der Homepage bekannt gegeben.<\/b><\/p>\n<p>Die Bewerbungsfrist f\u00fcr die Stipendien f\u00fcr 2026 und 2027 endete am 28.02.2025. Die eingegangenen Bewerbungen befinden sich derzeit im Auswahlverfahren.<\/p>\n<p style=\"font-weight: 400;\">Auf unserem historischen Fachwerkhof im Wendland stehen f\u00fcr die Stipendiaten vier Ateliers zur Verf\u00fcgung. F\u00fcr die Dauer von drei-, sechs- oder neun Monaten wird eine F\u00f6rderung in H\u00f6he von 1.400 \u20ac monatlich ausgezahlt. Falls Sie sich bewerben m\u00f6chten, ber\u00fccksichtigen Sie bitte, dass der K\u00fcnstlerhof recht abgeschieden liegt. Das idyllische Rundlingsdorf Schreyahn hat nur ca. 100 Einwohner und das \u00d6PNV-Angebot ist nur sehr gering ausgebaut. F\u00fcr Besorgungen und Besuche in den umliegenden Orten ist daher ein KFZ von Vorteil.<\/p>\n<p style=\"font-weight: 400;\">Beachten Sie bitte folgende Hinweise:<\/p>\n<ul style=\"font-weight: 400;\">\n<li>F\u00fcr den Bereich Literatur werden die Unterlagen (auch B\u00fccher) in dreifacher Ausfertigung erbeten.<\/li>\n<li>Bewerbungen f\u00fcr ein Literatur-Stipendium sind nur mit deutschsprachigen Texten m\u00f6glich.<\/li>\n<li>Auf Zollerkl\u00e4rungen geben Sie bitte an: \u201eKeine Handelsware\u201c.<\/li>\n<li>F\u00fcr die Bearbeitung der Bewerbungen wird eine Geb\u00fchr in H\u00f6he von 25 \u20ac erhoben. Bitte zahlen sie diese auf eines der unten angegebenen Konten ein. Senden Sie bitte keinen Scheck!<\/li>\n<li>Im Falle einer Musik-F\u00f6rderung \u00fcber 6 oder 9 Monate verpflichtet sich der\/die Antragsteller\/in die Arbeitsergebnisse des Stipendiums bei zwei Konzerten an unterschiedlichen Orten zu pr\u00e4sentieren. Zu diesem Zweck kooperieren Antragsteller der Neuen Musik grunds\u00e4tzlich mit dem Netzwerk Musik 21 und\/oder klangpol. Die daf\u00fcr erforderlichen Mittel beantragt der Kooperationspartner beim Land Niedersachsen.<\/li>\n<li>Bitte schicken Sie Ihre Unterlagen in <u>einer<\/u> Sendung. Unvollst\u00e4ndige Bewerbungen werden ohne Beurteilung durch den k\u00fcnstlerischen Beirat zur\u00fcck gesandt.<\/li>\n<li>Wir bitten Sie daher von Nachfragen abzusehen. Die Entscheidung der Jury und der eventuelle Beginn des Stipendiums werden Ihnen \u2013 ggf. nach Abstimmung mit Ihnen \u2013 schriftlich mitgeteilt.<\/li>\n<\/ul>\n<p style=\"font-weight: 400;\">Bitte senden Sie Ihre Unterlagen an:<\/p>\n<p style=\"font-weight: 400;\">Samtgemeinde L\u00fcchow (Wendland)<br \/>\nAbteilung 4<br \/>\nBewerbung K\u00fcnstlerhof<br \/>\nPostfach 1342<br \/>\n29433 L\u00fcchow (Wendland)<\/p>\n<p style=\"font-weight: 400;\">Wir freuen uns auf Ihre Bewerbung!<\/p>\n<p style=\"font-weight: 400;\">Tel.: (0 58 41) 126-413<br \/>\n<a title=\"anke.rudweleit@luechow-wendland.de\" href=\"mailto:julia.fleger@luechow-wendland.de\">julia.fleger@luechow-wendland.de<\/a><\/p>\n<p><strong>Bankverbindung:<\/strong><br \/>\nSparkasse Uelzen-L\u00fcchow-Dannenberg<br \/>\nIBAN: DE38 2585 0110 0044 0011 05 \/ BIC: NOLADE21UEL<br \/>\nVR PLUS Altmark-Wendland eG<br \/>\nIBAN: DE70 2586 3489 1511 5550 00 \/ BIC: GENODEF1WOT<br \/>\nPostbank Hannover<br \/>\nIBAN: DE40 2501 0030 0012 5633 02 \/ BIC: PBNKDEFFXXX<\/p>\n","protected":false},"excerpt":{"rendered":"<p>Bewerbungsunterlagen herunterladen Sehr geehrte Bewerberin, sehr geehrter Bewerber, auf dem K\u00fcnstlerhof Schreyahn sind f\u00fcr die Jahre 2028 und 2029 wieder Stipendien in den Bereichen Komposition und Literatur zu vergeben. Aktuell nehmen wir hierf\u00fcr noch keine Bewerbungen an. Sobald Bewerbungen eingereicht werden k\u00f6nnen, wird es hier auf der Homepage bekannt gegeben. Die Bewerbungsfrist f\u00fcr die Stipendien [&hellip;]<\/p>\n","protected":false},"author":1,"featured_media":0,"parent":0,"menu_order":6,"comment_status":"closed","ping_status":"closed","template":"","meta":{"footnotes":""},"tags":[16,17,18],"class_list":["post-66","page","type-page","status-publish","hentry","tag-bewerbung","tag-jury","tag-stipendium"],"_links":{"self":[{"href":"http:\/\/kuenstlerhof-schreyahn.de\/index.php?rest_route=\/wp\/v2\/pages\/66","targetHints":{"allow":["GET"]}}],"collection":[{"href":"http:\/\/kuenstlerhof-schreyahn.de\/index.php?rest_route=\/wp\/v2\/pages"}],"about":[{"href":"http:\/\/kuenstlerhof-schreyahn.de\/index.php?rest_route=\/wp\/v2\/types\/page"}],"author":[{"embeddable":true,"href":"http:\/\/kuenstlerhof-schreyahn.de\/index.php?rest_route=\/wp\/v2\/users\/1"}],"replies":[{"embeddable":true,"href":"http:\/\/kuenstlerhof-schreyahn.de\/index.php?rest_route=%2Fwp%2Fv2%2Fcomments&post=66"}],"version-history":[{"count":32,"href":"http:\/\/kuenstlerhof-schreyahn.de\/index.php?rest_route=\/wp\/v2\/pages\/66\/revisions"}],"predecessor-version":[{"id":1554,"href":"http:\/\/kuenstlerhof-schreyahn.de\/index.php?rest_route=\/wp\/v2\/pages\/66\/revisions\/1554"}],"wp:attachment":[{"href":"http:\/\/kuenstlerhof-schreyahn.de\/index.php?rest_route=%2Fwp%2Fv2%2Fmedia&parent=66"}],"wp:term":[{"taxonomy":"post_tag","embeddable":true,"href":"http:\/\/kuenstlerhof-schreyahn.de\/index.php?rest_route=%2Fwp%2Fv2%2Ftags&post=66"}],"curies":[{"name":"wp","href":"https:\/\/api.w.org\/{rel}","templated":true}]}}