{"id":95,"date":"2015-02-09T19:58:30","date_gmt":"2015-02-09T19:58:30","guid":{"rendered":"http:\/\/kuenstlerhof-schreyahn.de.w012e605.kasserver.com\/?page_id=95"},"modified":"2024-06-27T10:36:43","modified_gmt":"2024-06-27T10:36:43","slug":"lzn-bibliothek","status":"publish","type":"page","link":"http:\/\/kuenstlerhof-schreyahn.de\/?page_id=95","title":{"rendered":"LZN Bibliothek"},"content":{"rendered":"<p><strong>ADAM SEIDE-BIBLIOTHEK<\/strong><br \/>\nim<br \/>\nLITERATURZENTRUM NORDDEUTSCHLAND<br \/>\nIm K\u00fcnstlerhof Schreyahn (LZN)<\/p>\n<p><a href=\"http:\/\/kuenstlerhof-schreyahn.de.w012e605.kasserver.com\/wp-content\/uploads\/2015\/02\/Bibliothek.jpg\"><img loading=\"lazy\" decoding=\"async\" class=\"aligncenter wp-image-96 size-medium\" src=\"http:\/\/kuenstlerhof-schreyahn.de.w012e605.kasserver.com\/wp-content\/uploads\/2015\/02\/Bibliothek-300x198.jpg\" alt=\"LZN Bibliothek\" width=\"300\" height=\"198\" srcset=\"http:\/\/kuenstlerhof-schreyahn.de\/wp-content\/uploads\/2015\/02\/Bibliothek-300x198.jpg 300w, http:\/\/kuenstlerhof-schreyahn.de\/wp-content\/uploads\/2015\/02\/Bibliothek.jpg 426w\" sizes=\"auto, (max-width: 300px) 100vw, 300px\" \/><\/a><\/p>\n<p>Der Schriftsteller Adam Seide (1929 \u2013 2004) war 1990 f\u00fcr neun Monate Gast als Stipendiat auf dem K\u00fcnstlerhof Schreyahn. Spuren seines Aufenthaltes finden sich in seiner Prosa, in der er das Wendland beschreibt. Wortspiele mit Ortsnamen und regionalgeschichtlichen Betrachtungen begleiten dabei die Romanfiguren (\u201eEs ist nur eine Reise\u201c, Roman, 2000). Im gleichen Jahr erhielt Adam Seide den neu benannten Nicolas Born-Preis des Landes Niedersachsen. 2003 stellte Adam Seide seine \u201eVersfabrik\u201c aus der Kunsthochschule Karlsruhe in L\u00fcchow vor.<\/p>\n<p>Adam Seide hat dem K\u00fcnstlerhof Schreyahn seine umfangreiche Privatbibliothek vermacht, zum ca. 4.000 B\u00e4nde umfassenden Bestand z\u00e4hlen die Schwerpunkte deutschsprachige Literatur der Gegenwart, Literaturgeschichte und Geschichte, erg\u00e4nzt durch Sammlungen zur Philosophie, Kulturwissenschaft und nieders\u00e4chsischen Regionalforschung.<br \/>\nZusammen mit den Best\u00e4nden der Bibliothek des K\u00fcnstlerhofes Schreyahn, des Archives der Nicolas Born-Stiftung und der Bibliothek des Literaturrates Niedersachsen e.V. bildet die gro\u00dfz\u00fcgige Schenkung der Adam Seide-Bibliothek den Grundstock der umfangreichen Sammlung des<\/p>\n<p>LITERATURZENTRUM NORDDEUTSCHLAND<br \/>\nim K\u00fcnstlerhof Schreyahn<\/p>\n<p>Die Katalogisierung des Jahres 2007 verzeichnet bei allen B\u00fcchern die Herkunft aus der Adam Seide-Bibliothek, so dass die Privatbibliothek des Spenders der Nachwelt zum Andenken erhalten bleibt.<br \/>\nDer Allegro-Katalog ist an dieser Stelle in der Homepage www.kuenstlerhof-schreyahn.de einsehbar. Das Literaturzentrum Norddeutschland steht nach Absprache der Allgemeinheit zur Nutzung zur Verf\u00fcgung. Kontakt \u00fcber Britta Gansebohm (0175-527 07 77).<\/p>\n<p>Hier k\u00f6nnen Sie das Literatur Bestandsverzeichnis als <a href=\"http:\/\/kuenstlerhof-schreyahn.de.w012e605.kasserver.com\/wp-content\/uploads\/2015\/02\/Bestandsverzeichnis-Schreyahnpdf.pdf\">PDF herunterladen<\/a>.<\/p>\n<p>Hier k\u00f6nnen Sie das Musik Bestandsverzeichnis als <a href=\"http:\/\/kuenstlerhof-schreyahn.de.w012e605.kasserver.com\/wp-content\/uploads\/2015\/02\/MusikBestand1.pdf\">PDF herunterladen<\/a>.<\/p>\n","protected":false},"excerpt":{"rendered":"<p>ADAM SEIDE-BIBLIOTHEK im LITERATURZENTRUM NORDDEUTSCHLAND Im K\u00fcnstlerhof Schreyahn (LZN) Der Schriftsteller Adam Seide (1929 \u2013 2004) war 1990 f\u00fcr neun Monate Gast als Stipendiat auf dem K\u00fcnstlerhof Schreyahn. Spuren seines Aufenthaltes finden sich in seiner Prosa, in der er das Wendland beschreibt. Wortspiele mit Ortsnamen und regionalgeschichtlichen Betrachtungen begleiten dabei die Romanfiguren (\u201eEs ist nur [&hellip;]<\/p>\n","protected":false},"author":1,"featured_media":0,"parent":0,"menu_order":10,"comment_status":"closed","ping_status":"closed","template":"","meta":{"footnotes":""},"tags":[25,26],"class_list":["post-95","page","type-page","status-publish","hentry","tag-lzn","tag-niedersachsen"],"_links":{"self":[{"href":"http:\/\/kuenstlerhof-schreyahn.de\/index.php?rest_route=\/wp\/v2\/pages\/95","targetHints":{"allow":["GET"]}}],"collection":[{"href":"http:\/\/kuenstlerhof-schreyahn.de\/index.php?rest_route=\/wp\/v2\/pages"}],"about":[{"href":"http:\/\/kuenstlerhof-schreyahn.de\/index.php?rest_route=\/wp\/v2\/types\/page"}],"author":[{"embeddable":true,"href":"http:\/\/kuenstlerhof-schreyahn.de\/index.php?rest_route=\/wp\/v2\/users\/1"}],"replies":[{"embeddable":true,"href":"http:\/\/kuenstlerhof-schreyahn.de\/index.php?rest_route=%2Fwp%2Fv2%2Fcomments&post=95"}],"version-history":[{"count":3,"href":"http:\/\/kuenstlerhof-schreyahn.de\/index.php?rest_route=\/wp\/v2\/pages\/95\/revisions"}],"predecessor-version":[{"id":1363,"href":"http:\/\/kuenstlerhof-schreyahn.de\/index.php?rest_route=\/wp\/v2\/pages\/95\/revisions\/1363"}],"wp:attachment":[{"href":"http:\/\/kuenstlerhof-schreyahn.de\/index.php?rest_route=%2Fwp%2Fv2%2Fmedia&parent=95"}],"wp:term":[{"taxonomy":"post_tag","embeddable":true,"href":"http:\/\/kuenstlerhof-schreyahn.de\/index.php?rest_route=%2Fwp%2Fv2%2Ftags&post=95"}],"curies":[{"name":"wp","href":"https:\/\/api.w.org\/{rel}","templated":true}]}}